{"id":2667,"date":"2023-07-27T10:30:58","date_gmt":"2023-07-27T08:30:58","guid":{"rendered":"https:\/\/kdt-dental.de\/shop\/?post_type=product&#038;p=2667"},"modified":"2024-07-17T13:53:19","modified_gmt":"2024-07-17T11:53:19","slug":"descomed-premium-tuecher-preis-ab-700-e-rolle","status":"publish","type":"product","link":"https:\/\/kdt-dental.de\/shop\/produkt\/descomed-premium-tuecher-preis-ab-700-e-rolle\/","title":{"rendered":"Descomed Premium-T\u00fccher ungetr\u00e4nkt"},"content":{"rendered":"<h4><strong>Descomed Premium-T\u00fccher<br \/>\n<\/strong><\/h4>\n<ul>\n<li>Rolle \u00e0 70 Stk.<\/li>\n<li>ca. 30 x 30 cm<\/li>\n<li>Ungetr\u00e4nkt<\/li>\n<li>Extra gro\u00dfe, weiche Einmalvliest\u00fccher<\/li>\n<li>Karton \u00e0 8 Rollen<\/li>\n<\/ul>\n<h5><\/h5>\n","protected":false},"excerpt":{"rendered":"<p>Karton \u00e0 8 Rollen<\/p>\n","protected":false},"featured_media":3320,"template":"","meta":{"_et_pb_use_builder":"","_et_pb_old_content":"","_et_gb_content_width":""},"product_brand":[],"product_cat":[33],"product_tag":[75,77,748,533,914,532,536,534,915,535],"class_list":{"0":"post-2667","1":"product","2":"type-product","3":"status-publish","4":"has-post-thumbnail","6":"product_cat-des-rei","7":"product_tag-descomed","8":"product_tag-desinfektion","9":"product_tag-premiuntuecher","10":"product_tag-rolle","11":"product_tag-trockene-rollen","12":"product_tag-trockene-tuecher","13":"product_tag-tuecher-zum-selbertraenken","14":"product_tag-tuecher-zur-desinfektion","15":"product_tag-ungetraenkte-rollen","16":"product_tag-ungetraenkte-tuecher","18":"first","19":"instock","20":"taxable","21":"shipping-taxable","22":"purchasable","23":"product-type-variable"},"_links":{"self":[{"href":"https:\/\/kdt-dental.de\/shop\/wp-json\/wp\/v2\/product\/2667","targetHints":{"allow":["GET"]}}],"collection":[{"href":"https:\/\/kdt-dental.de\/shop\/wp-json\/wp\/v2\/product"}],"about":[{"href":"https:\/\/kdt-dental.de\/shop\/wp-json\/wp\/v2\/types\/product"}],"wp:featuredmedia":[{"embeddable":true,"href":"https:\/\/kdt-dental.de\/shop\/wp-json\/wp\/v2\/media\/3320"}],"wp:attachment":[{"href":"https:\/\/kdt-dental.de\/shop\/wp-json\/wp\/v2\/media?parent=2667"}],"wp:term":[{"taxonomy":"product_brand","embeddable":true,"href":"https:\/\/kdt-dental.de\/shop\/wp-json\/wp\/v2\/product_brand?post=2667"},{"taxonomy":"product_cat","embeddable":true,"href":"https:\/\/kdt-dental.de\/shop\/wp-json\/wp\/v2\/product_cat?post=2667"},{"taxonomy":"product_tag","embeddable":true,"href":"https:\/\/kdt-dental.de\/shop\/wp-json\/wp\/v2\/product_tag?post=2667"}],"curies":[{"name":"wp","href":"https:\/\/api.w.org\/{rel}","templated":true}]}}