{"id":618,"date":"2021-09-30T15:11:34","date_gmt":"2021-09-30T13:11:34","guid":{"rendered":"https:\/\/kdt-dental.de\/shop\/produkt\/descomed-box-fr-premium-tcher-complete-stk\/"},"modified":"2024-07-17T15:43:42","modified_gmt":"2024-07-17T13:43:42","slug":"descomed-box-fr-premium-tcher-complete-stk","status":"publish","type":"product","link":"https:\/\/kdt-dental.de\/shop\/produkt\/descomed-box-fr-premium-tcher-complete-stk\/","title":{"rendered":"Descomed Box f\u00fcr Premium-T\u00fccher Complete"},"content":{"rendered":"<h4>Descomed Box f\u00fcr Premium-T\u00fccher Complete<\/h4>\n<p>Dose und Deckel auch einzeln erh\u00e4ltlich<\/p>\n","protected":false},"excerpt":{"rendered":"<p>Descomed Box f\u00fcr Premium-T\u00fccher Complete Dose und Deckel auch einzeln erh\u00e4ltlich<\/p>\n","protected":false},"featured_media":2089,"template":"","meta":{"_et_pb_use_builder":"","_et_pb_old_content":"","_et_gb_content_width":""},"product_brand":[],"product_cat":[33],"product_tag":[],"class_list":{"0":"post-618","1":"product","2":"type-product","3":"status-publish","4":"has-post-thumbnail","6":"product_cat-des-rei","8":"first","9":"instock","10":"taxable","11":"shipping-taxable","12":"purchasable","13":"product-type-simple"},"_links":{"self":[{"href":"https:\/\/kdt-dental.de\/shop\/wp-json\/wp\/v2\/product\/618","targetHints":{"allow":["GET"]}}],"collection":[{"href":"https:\/\/kdt-dental.de\/shop\/wp-json\/wp\/v2\/product"}],"about":[{"href":"https:\/\/kdt-dental.de\/shop\/wp-json\/wp\/v2\/types\/product"}],"wp:featuredmedia":[{"embeddable":true,"href":"https:\/\/kdt-dental.de\/shop\/wp-json\/wp\/v2\/media\/2089"}],"wp:attachment":[{"href":"https:\/\/kdt-dental.de\/shop\/wp-json\/wp\/v2\/media?parent=618"}],"wp:term":[{"taxonomy":"product_brand","embeddable":true,"href":"https:\/\/kdt-dental.de\/shop\/wp-json\/wp\/v2\/product_brand?post=618"},{"taxonomy":"product_cat","embeddable":true,"href":"https:\/\/kdt-dental.de\/shop\/wp-json\/wp\/v2\/product_cat?post=618"},{"taxonomy":"product_tag","embeddable":true,"href":"https:\/\/kdt-dental.de\/shop\/wp-json\/wp\/v2\/product_tag?post=618"}],"curies":[{"name":"wp","href":"https:\/\/api.w.org\/{rel}","templated":true}]}}